{"id":70,"date":"2017-11-07T21:25:41","date_gmt":"2017-11-07T20:25:41","guid":{"rendered":"https:\/\/ascopmotolemans.wordpress.com\/?page_id=70"},"modified":"2023-06-13T14:17:43","modified_gmt":"2023-06-13T12:17:43","slug":"edition-2018","status":"publish","type":"page","link":"https:\/\/ascopmotolemans.com\/index.php\/edition-2018\/","title":{"rendered":"\u00c9dition 2023"},"content":{"rendered":"<h2 style=\"text-align: justify;\"><span style=\"color: #ff0000;\">Prochaine \u00e9dition 2023, les 14, 15 et 16 juillet<\/span><\/h2>\n<h4 style=\"text-align: justify;\"><span style=\"color: #0000ff;\"><strong>L\u2019 A.S.C.O.P. Moto Le Mans<\/strong> et <strong>le MOB CLUB MONTGESNOIS<\/strong> organisent une \u00e9preuve d\u2019endurance \u00ab Moto 25 Power \u00bb, d\u00e9nomm\u00e9e \u00ab Les 23H60 \u00bb.<\/span><\/h4>\n<h4 style=\"text-align: justify;\"><span style=\"color: #0000ff;\"> <strong>Ce sera la 12\u00e8me \u00e9dition,<\/strong> cette \u00e9preuve se d\u00e9roulera sur le Circuit International de Karting,\u00a0 <strong>les 14, 15, 16 juillet 2023<\/strong> et aura une dur\u00e9e de 24 heures..<strong><span style=\"color: #ff0000;\">.<\/span><\/strong><\/span><span style=\"color: #0000ff;\">.<\/span><\/h4>\n<h2><a href=\"http:\/\/ascopmotolemans.com\/wp-content\/uploads\/2023\/01\/REGLEMENT-GENERAL-23h60-2023.pdf\"><span style=\"color: #ff0000;\"><strong>REGLEMENT GENERAL 23h60 202<\/strong>3<\/span><\/a><\/h2>\n<h2><span style=\"color: #0000ff;\"><strong><a href=\"http:\/\/ascopmotolemans.com\/wp-content\/uploads\/2023\/03\/BULLETIN-DENGAGEMENT-23H60-2023.pdf\"><span style=\"color: #0000ff;\">BULLETIN D&rsquo;ENGAGEMENT 23H60 2023<\/span><\/a><\/strong><\/span><\/h2>\n<h2><a href=\"http:\/\/ascopmotolemans.com\/wp-content\/uploads\/2023\/06\/Engag\u00e9s-23h60-2023.pdf\"><strong><span style=\"color: #ff0000;\">Engag\u00e9s 23h60 2023<\/span><\/strong><\/a><\/h2>\n<h2><a href=\"http:\/\/ascopmotolemans.com\/wp-content\/uploads\/2023\/06\/LIVRET-DACCUEIL-2023.pdf\"><span style=\"color: #0000ff;\">LIVRET D&rsquo;ACCUEIL 2023<\/span><\/a><\/h2>\n<h3><a href=\"http:\/\/ascopmotolemans.com\/wp-content\/uploads\/2023\/06\/HORAIRES-PREVISIONNELS-2023-V1.pdf\"><strong><span style=\"color: #ff00ff;\">HORAIRES PREVISIONNELS 2023 V1<\/span><\/strong><\/a><\/h3>\n<p><span style=\"color: #ff0000;\"><strong>Si pour des raisons ind\u00e9pendantes de notre volont\u00e9, (Covid 19) nous \u00e9tions oblig\u00e9s d&rsquo;annuler l&rsquo;\u00e9preuve (m\u00eame en derni\u00e8res minutes) les Teams seraient int\u00e9gralement rembours\u00e9s.<\/strong><\/span><\/p>\n<p>&nbsp;<\/p>\n<p>&nbsp;<\/p>\n<p>&nbsp;<\/p>\n<p>&nbsp;<\/p>\n<p><strong>Plan CIK<\/strong><\/p>\n<p><img loading=\"lazy\" decoding=\"async\" class=\"alignnone size-full wp-image-155\" src=\"http:\/\/ascopmotolemans.com\/wp-content\/uploads\/2017\/11\/plan_cik.jpg\" alt=\"plan_CIK\" width=\"802\" height=\"1136\" srcset=\"https:\/\/ascopmotolemans.com\/wp-content\/uploads\/2017\/11\/plan_cik.jpg 802w, https:\/\/ascopmotolemans.com\/wp-content\/uploads\/2017\/11\/plan_cik-212x300.jpg 212w, https:\/\/ascopmotolemans.com\/wp-content\/uploads\/2017\/11\/plan_cik-768x1088.jpg 768w, https:\/\/ascopmotolemans.com\/wp-content\/uploads\/2017\/11\/plan_cik-723x1024.jpg 723w\" sizes=\"(max-width: 802px) 100vw, 802px\" \/><\/p>\n","protected":false},"excerpt":{"rendered":"<p>Prochaine \u00e9dition 2023, les 14, 15 et 16 juillet L\u2019 A.S.C.O.P. Moto Le Mans et le MOB CLUB MONTGESNOIS organisent une \u00e9preuve d\u2019endurance \u00ab Moto 25 Power \u00bb, d\u00e9nomm\u00e9e \u00ab Les 23H60 \u00bb. Ce sera la 12\u00e8me \u00e9dition, cette \u00e9preuve&#8230; <a class=\"more-link\" href=\"https:\/\/ascopmotolemans.com\/index.php\/edition-2018\/\">Continue Reading &rarr;<\/a><\/p>\n","protected":false},"author":1,"featured_media":0,"parent":0,"menu_order":0,"comment_status":"closed","ping_status":"closed","template":"","meta":{"footnotes":""},"class_list":["post-70","page","type-page","status-publish","hentry"],"_links":{"self":[{"href":"https:\/\/ascopmotolemans.com\/index.php\/wp-json\/wp\/v2\/pages\/70"}],"collection":[{"href":"https:\/\/ascopmotolemans.com\/index.php\/wp-json\/wp\/v2\/pages"}],"about":[{"href":"https:\/\/ascopmotolemans.com\/index.php\/wp-json\/wp\/v2\/types\/page"}],"author":[{"embeddable":true,"href":"https:\/\/ascopmotolemans.com\/index.php\/wp-json\/wp\/v2\/users\/1"}],"replies":[{"embeddable":true,"href":"https:\/\/ascopmotolemans.com\/index.php\/wp-json\/wp\/v2\/comments?post=70"}],"version-history":[{"count":63,"href":"https:\/\/ascopmotolemans.com\/index.php\/wp-json\/wp\/v2\/pages\/70\/revisions"}],"predecessor-version":[{"id":1286,"href":"https:\/\/ascopmotolemans.com\/index.php\/wp-json\/wp\/v2\/pages\/70\/revisions\/1286"}],"wp:attachment":[{"href":"https:\/\/ascopmotolemans.com\/index.php\/wp-json\/wp\/v2\/media?parent=70"}],"curies":[{"name":"wp","href":"https:\/\/api.w.org\/{rel}","templated":true}]}}