{"id":124,"date":"2017-11-08T23:10:07","date_gmt":"2017-11-08T22:10:07","guid":{"rendered":"https:\/\/ascopmotolemans.wordpress.com\/?page_id=124"},"modified":"2018-02-10T17:43:57","modified_gmt":"2018-02-10T16:43:57","slug":"informations-2","status":"publish","type":"page","link":"https:\/\/ascopmotolemans.com\/index.php\/informations-2\/","title":{"rendered":"Informations"},"content":{"rendered":"<p style=\"text-align: center;\"><strong><u>L\u2019A.S.C.O.P Moto remercie vivement la Commune de LOMBRON partenaire de cette \u00e9preuve<\/u><\/strong><\/p>\n<p style=\"text-align: center;\"><strong>S\u202aite officiel de la <a href=\"http:\/\/www.mairie-lombron.fr\" target=\"_blank\" rel=\"noopener\">Mairie de Lombron<\/a><\/strong><\/p>\n<p style=\"text-align: center;\"><strong>Plan d&rsquo;acc\u00e8s \u00e0 l&rsquo;\u00e9preuve de trial<\/strong><\/p>\n<p><iframe loading=\"lazy\" style=\"border: 0;\" src=\"https:\/\/www.google.com\/maps\/embed?pb=!1m14!1m8!1m3!1d10657.710096555005!2d0.384919!3d48.101988000000006!3m2!1i1024!2i768!4f13.1!3m3!1m2!1s0x47e25f0b39ca8d0d%3A0x635dd5ffd04cf765!2sLes+Sablons%2C+72450+Lombron%2C+France!5e0!3m2!1sfr!2sus!4v1511388443793\" width=\"780\" height=\"500\" frameborder=\"0\" allowfullscreen=\"allowfullscreen\"><span style=\"display: inline-block; width: 0px; overflow: hidden; line-height: 0;\" data-mce-type=\"bookmark\" class=\"mce_SELRES_start\">\ufeff<\/span><span style=\"display: inline-block; width: 0px; overflow: hidden; line-height: 0;\" data-mce-type=\"bookmark\" class=\"mce_SELRES_start\">\ufeff<\/span><span style=\"display: inline-block; width: 0px; overflow: hidden; line-height: 0;\" data-mce-type=\"bookmark\" class=\"mce_SELRES_start\">\ufeff<\/span><\/iframe><\/p>\n","protected":false},"excerpt":{"rendered":"<p>L\u2019A.S.C.O.P Moto remercie vivement la Commune de LOMBRON partenaire de cette \u00e9preuve S\u202aite officiel de la Mairie de Lombron Plan d&rsquo;acc\u00e8s \u00e0 l&rsquo;\u00e9preuve de trial \ufeff\ufeff\ufeff<\/p>\n","protected":false},"author":1,"featured_media":0,"parent":0,"menu_order":0,"comment_status":"closed","ping_status":"closed","template":"","meta":{"footnotes":""},"class_list":["post-124","page","type-page","status-publish","hentry"],"_links":{"self":[{"href":"https:\/\/ascopmotolemans.com\/index.php\/wp-json\/wp\/v2\/pages\/124"}],"collection":[{"href":"https:\/\/ascopmotolemans.com\/index.php\/wp-json\/wp\/v2\/pages"}],"about":[{"href":"https:\/\/ascopmotolemans.com\/index.php\/wp-json\/wp\/v2\/types\/page"}],"author":[{"embeddable":true,"href":"https:\/\/ascopmotolemans.com\/index.php\/wp-json\/wp\/v2\/users\/1"}],"replies":[{"embeddable":true,"href":"https:\/\/ascopmotolemans.com\/index.php\/wp-json\/wp\/v2\/comments?post=124"}],"version-history":[{"count":3,"href":"https:\/\/ascopmotolemans.com\/index.php\/wp-json\/wp\/v2\/pages\/124\/revisions"}],"predecessor-version":[{"id":473,"href":"https:\/\/ascopmotolemans.com\/index.php\/wp-json\/wp\/v2\/pages\/124\/revisions\/473"}],"wp:attachment":[{"href":"https:\/\/ascopmotolemans.com\/index.php\/wp-json\/wp\/v2\/media?parent=124"}],"curies":[{"name":"wp","href":"https:\/\/api.w.org\/{rel}","templated":true}]}}