{"id":116,"date":"2017-11-08T22:49:37","date_gmt":"2017-11-08T21:49:37","guid":{"rendered":"https:\/\/ascopmotolemans.wordpress.com\/?page_id=116"},"modified":"2024-12-29T21:21:55","modified_gmt":"2024-12-29T20:21:55","slug":"club","status":"publish","type":"page","link":"https:\/\/ascopmotolemans.com\/index.php\/club\/","title":{"rendered":"Club"},"content":{"rendered":"<h2><\/h2>\n<h2>Pr\u00e9sentation du Club<\/h2>\n<p>L&rsquo;Association Sportive des Commissaires, Organisateurs et Pilotes (ASCOP Moto Le Mans) fut cr\u00e9e officiellement le 25 f\u00e9vrier 1993.<\/p>\n<p>Son premier Pr\u00e9sident fut Jacques SEIDENBINDER.<\/p>\n<p>En 2001, l&rsquo;ASCOP Moto Le Mans s&rsquo;affilie \u00e0 la F\u00e9d\u00e9ration Fran\u00e7aise de Motocyclisme.<\/p>\n<p>D\u00e8s sa cr\u00e9ation notre association s&rsquo;est positionn\u00e9e pour \u00e9pauler le C.O.P Moto dans l&rsquo;organisation de ses \u00e9preuves: trial, rallye routier, moto-cross etc&#8230;<\/p>\n<p>Tout naturellement lors de la dissolution du C.O.P Moto, l&rsquo;A.S.C.O.P a maintenu ses organisations et compte \u00e0 ce jour pr\u00e8s de 90 adh\u00e9rents et un bon nombre de sympathisants.<\/p>\n<p>Les dirigeants actuels ont des responsabilit\u00e9s au niveau D\u00e9partemental, R\u00e9gional et m\u00eame National.<\/p>\n<p>Composition du bureau:<\/p>\n<p>Pr\u00e9sident : Jean-Michel BLIN<\/p>\n<p>Vice-pr\u00e9sident : Jean-Claude PICARD<\/p>\n<p>Secr\u00e9taire : Jocelyne BLIN<\/p>\n<p>Tr\u00e9sorier : Jean-Luc MARTIN<\/p>\n<p>Tr\u00e9sorier adjoint : Jean-Claude PICARD<\/p>\n<p>Membres : Lionel BARBE, Brigitte GARDES, J\u00e9r\u00f4me BLIN, Laurent OUVRARD,<\/p>\n<h4>Vous pouvez t\u00e9l\u00e9charger les <a href=\"http:\/\/ascopmotolemans.com\/wp-content\/uploads\/2018\/02\/Statuts.pdf\">Statuts<\/a><\/h4>\n<p>&nbsp;<\/p>\n","protected":false},"excerpt":{"rendered":"<p>Pr\u00e9sentation du Club L&rsquo;Association Sportive des Commissaires, Organisateurs et Pilotes (ASCOP Moto Le Mans) fut cr\u00e9e officiellement le 25 f\u00e9vrier 1993. Son premier Pr\u00e9sident fut Jacques SEIDENBINDER. En 2001, l&rsquo;ASCOP Moto Le Mans s&rsquo;affilie \u00e0 la F\u00e9d\u00e9ration Fran\u00e7aise de Motocyclisme&#8230;. <a class=\"more-link\" href=\"https:\/\/ascopmotolemans.com\/index.php\/club\/\">Continue Reading &rarr;<\/a><\/p>\n","protected":false},"author":1,"featured_media":0,"parent":0,"menu_order":0,"comment_status":"closed","ping_status":"closed","template":"","meta":{"footnotes":""},"class_list":["post-116","page","type-page","status-publish","hentry"],"_links":{"self":[{"href":"https:\/\/ascopmotolemans.com\/index.php\/wp-json\/wp\/v2\/pages\/116"}],"collection":[{"href":"https:\/\/ascopmotolemans.com\/index.php\/wp-json\/wp\/v2\/pages"}],"about":[{"href":"https:\/\/ascopmotolemans.com\/index.php\/wp-json\/wp\/v2\/types\/page"}],"author":[{"embeddable":true,"href":"https:\/\/ascopmotolemans.com\/index.php\/wp-json\/wp\/v2\/users\/1"}],"replies":[{"embeddable":true,"href":"https:\/\/ascopmotolemans.com\/index.php\/wp-json\/wp\/v2\/comments?post=116"}],"version-history":[{"count":13,"href":"https:\/\/ascopmotolemans.com\/index.php\/wp-json\/wp\/v2\/pages\/116\/revisions"}],"predecessor-version":[{"id":1421,"href":"https:\/\/ascopmotolemans.com\/index.php\/wp-json\/wp\/v2\/pages\/116\/revisions\/1421"}],"wp:attachment":[{"href":"https:\/\/ascopmotolemans.com\/index.php\/wp-json\/wp\/v2\/media?parent=116"}],"curies":[{"name":"wp","href":"https:\/\/api.w.org\/{rel}","templated":true}]}}